{"id":648,"date":"2026-01-17T13:36:14","date_gmt":"2026-01-17T13:36:14","guid":{"rendered":"https:\/\/jennyzhandmade.nl\/?post_type=product&#038;p=648"},"modified":"2026-03-05T13:29:55","modified_gmt":"2026-03-05T13:29:55","slug":"voor-de-kleintjes-slaap-wakker-pop-geel","status":"publish","type":"product","link":"https:\/\/jennyzhandmade.nl\/?product=voor-de-kleintjes-slaap-wakker-pop-geel","title":{"rendered":"Voor de kleintjes slaap \/ wakker pop &#8211; Geel"},"content":{"rendered":"<p>Deze zachte handgemaakte pop is gemaakt van een vrolijke katoenen stof en gevuld met een heerlijk zachte vulling. De \u00a0pop heeft aan zowel de voor- als achterkant een geborduurd gezichtje: \u00e9\u00e9n met gesloten oogjes voor wanneer de pop slaapt, en \u00e9\u00e9n met open oogjes voor wanneer de pop wakker is. Dit geeft de pop een speels en liefdevol karakter.<\/p>\n<p>Dankzij de zachte materialen en het ontbreken van harde onderdelen is de pop veilig en fijn om mee te knuffelen. Een liefdevol maatje dat uitnodigt tot spelen, troost bieden en eindeloos knuffelen<\/p>\n<p><strong>Materiaal<\/strong>: Katoen &#8211; tricot &#8211; fiberfill vulling<\/p>\n<p><strong>Afmeting<\/strong>: 25 cm x 12 &#8211; 18 cm &#8211; bodem 6 cm<\/p>\n","protected":false},"excerpt":{"rendered":"<p><strong>&#8221; Zacht. Uniek. Onvervangbaar.&#8221;<\/strong><\/p>\n<p>25 x 12 &#8211; 18 cm &#8211; bodem 6 cm<\/p>\n","protected":false},"featured_media":640,"comment_status":"open","ping_status":"closed","template":"","meta":{"site-sidebar-layout":"default","site-content-layout":"","ast-site-content-layout":"default","site-content-style":"default","site-sidebar-style":"default","ast-global-header-display":"","ast-banner-title-visibility":"","ast-main-header-display":"","ast-hfb-above-header-display":"","ast-hfb-below-header-display":"","ast-hfb-mobile-header-display":"","site-post-title":"","ast-breadcrumbs-content":"","ast-featured-img":"","footer-sml-layout":"","ast-disable-related-posts":"","theme-transparent-header-meta":"default","adv-header-id-meta":"","stick-header-meta":"","header-above-stick-meta":"","header-main-stick-meta":"","header-below-stick-meta":"","astra-migrate-meta-layouts":"set","ast-page-background-enabled":"default","ast-page-background-meta":{"desktop":{"background-color":"var(--ast-global-color-5)","background-image":"","background-repeat":"repeat","background-position":"center center","background-size":"auto","background-attachment":"scroll","background-type":"","background-media":"","overlay-type":"","overlay-color":"","overlay-opacity":"","overlay-gradient":""},"tablet":{"background-color":"","background-image":"","background-repeat":"repeat","background-position":"center center","background-size":"auto","background-attachment":"scroll","background-type":"","background-media":"","overlay-type":"","overlay-color":"","overlay-opacity":"","overlay-gradient":""},"mobile":{"background-color":"","background-image":"","background-repeat":"repeat","background-position":"center center","background-size":"auto","background-attachment":"scroll","background-type":"","background-media":"","overlay-type":"","overlay-color":"","overlay-opacity":"","overlay-gradient":""}},"ast-content-background-meta":{"desktop":{"background-color":"var(--ast-global-color-4)","background-image":"","background-repeat":"repeat","background-position":"center center","background-size":"auto","background-attachment":"scroll","background-type":"","background-media":"","overlay-type":"","overlay-color":"","overlay-opacity":"","overlay-gradient":""},"tablet":{"background-color":"var(--ast-global-color-4)","background-image":"","background-repeat":"repeat","background-position":"center center","background-size":"auto","background-attachment":"scroll","background-type":"","background-media":"","overlay-type":"","overlay-color":"","overlay-opacity":"","overlay-gradient":""},"mobile":{"background-color":"var(--ast-global-color-4)","background-image":"","background-repeat":"repeat","background-position":"center center","background-size":"auto","background-attachment":"scroll","background-type":"","background-media":"","overlay-type":"","overlay-color":"","overlay-opacity":"","overlay-gradient":""}}},"product_brand":[],"product_cat":[43,15,34],"product_tag":[],"class_list":{"0":"post-648","1":"product","2":"type-product","3":"status-publish","4":"has-post-thumbnail","6":"product_cat-kraam-cadeaus","7":"product_cat-uncategorized","8":"product_cat-voor-de-kleintjes","9":"desktop-align-left","10":"tablet-align-left","11":"mobile-align-left","13":"first","14":"instock","15":"shipping-taxable","16":"purchasable","17":"product-type-simple"},"yoast_head":"<!-- This site is optimized with the Yoast SEO plugin v27.3 - https:\/\/yoast.com\/product\/yoast-seo-wordpress\/ -->\n<title>Voor de kleintjes slaap \/ wakker pop - Geel -<\/title>\n<meta name=\"robots\" content=\"index, follow, max-snippet:-1, max-image-preview:large, max-video-preview:-1\" \/>\n<link rel=\"canonical\" href=\"https:\/\/jennyzhandmade.nl\/?product=voor-de-kleintjes-slaap-wakker-pop-geel\" \/>\n<meta property=\"og:locale\" content=\"nl_NL\" \/>\n<meta property=\"og:type\" content=\"article\" \/>\n<meta property=\"og:title\" content=\"Voor de kleintjes slaap \/ wakker pop - Geel -\" \/>\n<meta property=\"og:description\" content=\"&quot; Zacht. Uniek. Onvervangbaar.&quot;  25 x 12 - 18 cm - bodem 6 cm\" \/>\n<meta property=\"og:url\" content=\"https:\/\/jennyzhandmade.nl\/?product=voor-de-kleintjes-slaap-wakker-pop-geel\" \/>\n<meta property=\"article:modified_time\" content=\"2026-03-05T13:29:55+00:00\" \/>\n<meta property=\"og:image\" content=\"https:\/\/jennyzhandmade.nl\/wp-content\/uploads\/2026\/01\/IMG_2407-scaled.jpeg\" \/>\n\t<meta property=\"og:image:width\" content=\"2560\" \/>\n\t<meta property=\"og:image:height\" content=\"2560\" \/>\n\t<meta property=\"og:image:type\" content=\"image\/jpeg\" \/>\n<meta name=\"twitter:card\" content=\"summary_large_image\" \/>\n<meta name=\"twitter:label1\" content=\"Geschatte leestijd\" \/>\n\t<meta name=\"twitter:data1\" content=\"1 minuut\" \/>\n<script type=\"application\/ld+json\" class=\"yoast-schema-graph\">{\"@context\":\"https:\\\/\\\/schema.org\",\"@graph\":[{\"@type\":\"WebPage\",\"@id\":\"https:\\\/\\\/jennyzhandmade.nl\\\/?product=voor-de-kleintjes-slaap-wakker-pop-geel\",\"url\":\"https:\\\/\\\/jennyzhandmade.nl\\\/?product=voor-de-kleintjes-slaap-wakker-pop-geel\",\"name\":\"Voor de kleintjes slaap \\\/ wakker pop - Geel -\",\"isPartOf\":{\"@id\":\"https:\\\/\\\/jennyzhandmade.nl\\\/#website\"},\"primaryImageOfPage\":{\"@id\":\"https:\\\/\\\/jennyzhandmade.nl\\\/?product=voor-de-kleintjes-slaap-wakker-pop-geel#primaryimage\"},\"image\":{\"@id\":\"https:\\\/\\\/jennyzhandmade.nl\\\/?product=voor-de-kleintjes-slaap-wakker-pop-geel#primaryimage\"},\"thumbnailUrl\":\"https:\\\/\\\/jennyzhandmade.nl\\\/wp-content\\\/uploads\\\/2026\\\/01\\\/IMG_2407-scaled.jpeg\",\"datePublished\":\"2026-01-17T13:36:14+00:00\",\"dateModified\":\"2026-03-05T13:29:55+00:00\",\"breadcrumb\":{\"@id\":\"https:\\\/\\\/jennyzhandmade.nl\\\/?product=voor-de-kleintjes-slaap-wakker-pop-geel#breadcrumb\"},\"inLanguage\":\"nl-NL\",\"potentialAction\":[{\"@type\":\"ReadAction\",\"target\":[\"https:\\\/\\\/jennyzhandmade.nl\\\/?product=voor-de-kleintjes-slaap-wakker-pop-geel\"]}]},{\"@type\":\"ImageObject\",\"inLanguage\":\"nl-NL\",\"@id\":\"https:\\\/\\\/jennyzhandmade.nl\\\/?product=voor-de-kleintjes-slaap-wakker-pop-geel#primaryimage\",\"url\":\"https:\\\/\\\/jennyzhandmade.nl\\\/wp-content\\\/uploads\\\/2026\\\/01\\\/IMG_2407-scaled.jpeg\",\"contentUrl\":\"https:\\\/\\\/jennyzhandmade.nl\\\/wp-content\\\/uploads\\\/2026\\\/01\\\/IMG_2407-scaled.jpeg\",\"width\":2560,\"height\":2560},{\"@type\":\"BreadcrumbList\",\"@id\":\"https:\\\/\\\/jennyzhandmade.nl\\\/?product=voor-de-kleintjes-slaap-wakker-pop-geel#breadcrumb\",\"itemListElement\":[{\"@type\":\"ListItem\",\"position\":1,\"name\":\"Home\",\"item\":\"https:\\\/\\\/jennyzhandmade.nl\\\/\"},{\"@type\":\"ListItem\",\"position\":2,\"name\":\"Shop\",\"item\":\"https:\\\/\\\/jennyzhandmade.nl\\\/?page_id=12\"},{\"@type\":\"ListItem\",\"position\":3,\"name\":\"Voor de kleintjes slaap \\\/ wakker pop &#8211; Geel\"}]},{\"@type\":\"WebSite\",\"@id\":\"https:\\\/\\\/jennyzhandmade.nl\\\/#website\",\"url\":\"https:\\\/\\\/jennyzhandmade.nl\\\/\",\"name\":\"jennyzhandmade.nl\",\"description\":\"\",\"potentialAction\":[{\"@type\":\"SearchAction\",\"target\":{\"@type\":\"EntryPoint\",\"urlTemplate\":\"https:\\\/\\\/jennyzhandmade.nl\\\/?s={search_term_string}\"},\"query-input\":{\"@type\":\"PropertyValueSpecification\",\"valueRequired\":true,\"valueName\":\"search_term_string\"}}],\"inLanguage\":\"nl-NL\"}]}<\/script>\n<!-- \/ Yoast SEO plugin. -->","yoast_head_json":{"title":"Voor de kleintjes slaap \/ wakker pop - Geel -","robots":{"index":"index","follow":"follow","max-snippet":"max-snippet:-1","max-image-preview":"max-image-preview:large","max-video-preview":"max-video-preview:-1"},"canonical":"https:\/\/jennyzhandmade.nl\/?product=voor-de-kleintjes-slaap-wakker-pop-geel","og_locale":"nl_NL","og_type":"article","og_title":"Voor de kleintjes slaap \/ wakker pop - Geel -","og_description":"\" Zacht. Uniek. Onvervangbaar.\"  25 x 12 - 18 cm - bodem 6 cm","og_url":"https:\/\/jennyzhandmade.nl\/?product=voor-de-kleintjes-slaap-wakker-pop-geel","article_modified_time":"2026-03-05T13:29:55+00:00","og_image":[{"width":2560,"height":2560,"url":"https:\/\/jennyzhandmade.nl\/wp-content\/uploads\/2026\/01\/IMG_2407-scaled.jpeg","type":"image\/jpeg"}],"twitter_card":"summary_large_image","twitter_misc":{"Geschatte leestijd":"1 minuut"},"schema":{"@context":"https:\/\/schema.org","@graph":[{"@type":"WebPage","@id":"https:\/\/jennyzhandmade.nl\/?product=voor-de-kleintjes-slaap-wakker-pop-geel","url":"https:\/\/jennyzhandmade.nl\/?product=voor-de-kleintjes-slaap-wakker-pop-geel","name":"Voor de kleintjes slaap \/ wakker pop - Geel -","isPartOf":{"@id":"https:\/\/jennyzhandmade.nl\/#website"},"primaryImageOfPage":{"@id":"https:\/\/jennyzhandmade.nl\/?product=voor-de-kleintjes-slaap-wakker-pop-geel#primaryimage"},"image":{"@id":"https:\/\/jennyzhandmade.nl\/?product=voor-de-kleintjes-slaap-wakker-pop-geel#primaryimage"},"thumbnailUrl":"https:\/\/jennyzhandmade.nl\/wp-content\/uploads\/2026\/01\/IMG_2407-scaled.jpeg","datePublished":"2026-01-17T13:36:14+00:00","dateModified":"2026-03-05T13:29:55+00:00","breadcrumb":{"@id":"https:\/\/jennyzhandmade.nl\/?product=voor-de-kleintjes-slaap-wakker-pop-geel#breadcrumb"},"inLanguage":"nl-NL","potentialAction":[{"@type":"ReadAction","target":["https:\/\/jennyzhandmade.nl\/?product=voor-de-kleintjes-slaap-wakker-pop-geel"]}]},{"@type":"ImageObject","inLanguage":"nl-NL","@id":"https:\/\/jennyzhandmade.nl\/?product=voor-de-kleintjes-slaap-wakker-pop-geel#primaryimage","url":"https:\/\/jennyzhandmade.nl\/wp-content\/uploads\/2026\/01\/IMG_2407-scaled.jpeg","contentUrl":"https:\/\/jennyzhandmade.nl\/wp-content\/uploads\/2026\/01\/IMG_2407-scaled.jpeg","width":2560,"height":2560},{"@type":"BreadcrumbList","@id":"https:\/\/jennyzhandmade.nl\/?product=voor-de-kleintjes-slaap-wakker-pop-geel#breadcrumb","itemListElement":[{"@type":"ListItem","position":1,"name":"Home","item":"https:\/\/jennyzhandmade.nl\/"},{"@type":"ListItem","position":2,"name":"Shop","item":"https:\/\/jennyzhandmade.nl\/?page_id=12"},{"@type":"ListItem","position":3,"name":"Voor de kleintjes slaap \/ wakker pop &#8211; Geel"}]},{"@type":"WebSite","@id":"https:\/\/jennyzhandmade.nl\/#website","url":"https:\/\/jennyzhandmade.nl\/","name":"jennyzhandmade.nl","description":"","potentialAction":[{"@type":"SearchAction","target":{"@type":"EntryPoint","urlTemplate":"https:\/\/jennyzhandmade.nl\/?s={search_term_string}"},"query-input":{"@type":"PropertyValueSpecification","valueRequired":true,"valueName":"search_term_string"}}],"inLanguage":"nl-NL"}]}},"_links":{"self":[{"href":"https:\/\/jennyzhandmade.nl\/index.php?rest_route=\/wp\/v2\/product\/648","targetHints":{"allow":["GET"]}}],"collection":[{"href":"https:\/\/jennyzhandmade.nl\/index.php?rest_route=\/wp\/v2\/product"}],"about":[{"href":"https:\/\/jennyzhandmade.nl\/index.php?rest_route=\/wp\/v2\/types\/product"}],"replies":[{"embeddable":true,"href":"https:\/\/jennyzhandmade.nl\/index.php?rest_route=%2Fwp%2Fv2%2Fcomments&post=648"}],"wp:featuredmedia":[{"embeddable":true,"href":"https:\/\/jennyzhandmade.nl\/index.php?rest_route=\/wp\/v2\/media\/640"}],"wp:attachment":[{"href":"https:\/\/jennyzhandmade.nl\/index.php?rest_route=%2Fwp%2Fv2%2Fmedia&parent=648"}],"wp:term":[{"taxonomy":"product_brand","embeddable":true,"href":"https:\/\/jennyzhandmade.nl\/index.php?rest_route=%2Fwp%2Fv2%2Fproduct_brand&post=648"},{"taxonomy":"product_cat","embeddable":true,"href":"https:\/\/jennyzhandmade.nl\/index.php?rest_route=%2Fwp%2Fv2%2Fproduct_cat&post=648"},{"taxonomy":"product_tag","embeddable":true,"href":"https:\/\/jennyzhandmade.nl\/index.php?rest_route=%2Fwp%2Fv2%2Fproduct_tag&post=648"}],"curies":[{"name":"wp","href":"https:\/\/api.w.org\/{rel}","templated":true}]}}